{"id":45,"date":"2024-07-22T08:12:27","date_gmt":"2024-07-22T08:12:27","guid":{"rendered":"https:\/\/emylink.fr\/about-us\/"},"modified":"2025-03-13T08:55:41","modified_gmt":"2025-03-13T08:55:41","slug":"about-us","status":"publish","type":"page","link":"https:\/\/emylink.fr\/en\/about-us\/","title":{"rendered":"About Us"},"content":{"rendered":"<div data-elementor-type=\"wp-page\" data-elementor-id=\"45\" class=\"elementor elementor-45\">\n\t\t\t\t<div class=\"elementor-element elementor-element-7fa2dc55 e-con-full e-flex e-con e-parent\" data-id=\"7fa2dc55\" data-element_type=\"container\">\n\t\t<div class=\"elementor-element elementor-element-11b0f0ce e-con-full e-flex e-con e-child\" data-id=\"11b0f0ce\" data-element_type=\"container\">\n\t\t<div class=\"elementor-element elementor-element-425aece2 e-con-full e-flex e-con e-child\" data-id=\"425aece2\" data-element_type=\"container\">\n\t\t\t\t<div class=\"elementor-element elementor-element-2fe4dab2 elementor-invisible elementor-widget elementor-widget-heading\" data-id=\"2fe4dab2\" data-element_type=\"widget\" data-settings=\"{&quot;_animation&quot;:&quot;fadeInLeft&quot;}\" data-widget_type=\"heading.default\">\n\t\t\t\t<div class=\"elementor-widget-container\">\n\t\t\t<style>\/*! elementor - v3.23.0 - 25-07-2024 *\/\n.elementor-heading-title{padding:0;margin:0;line-height:1}.elementor-widget-heading .elementor-heading-title[class*=elementor-size-]>a{color:inherit;font-size:inherit;line-height:inherit}.elementor-widget-heading .elementor-heading-title.elementor-size-small{font-size:15px}.elementor-widget-heading .elementor-heading-title.elementor-size-medium{font-size:19px}.elementor-widget-heading .elementor-heading-title.elementor-size-large{font-size:29px}.elementor-widget-heading .elementor-heading-title.elementor-size-xl{font-size:39px}.elementor-widget-heading .elementor-heading-title.elementor-size-xxl{font-size:59px}<\/style><h1 class=\"elementor-heading-title elementor-size-default\">Nous sommes une agence sp\u00e9cialis\u00e9e dans l'accompagnement et dans la cr\u00e9ation de stand sur-mesure\n<\/h1>\t\t<\/div>\n\t\t\t\t<\/div>\n\t\t\t\t<div class=\"elementor-element elementor-element-365af02e elementor-widget__width-initial elementor-invisible elementor-widget elementor-widget-text-editor\" data-id=\"365af02e\" data-element_type=\"widget\" data-settings=\"{&quot;_animation&quot;:&quot;fadeIn&quot;,&quot;_animation_delay&quot;:400}\" data-widget_type=\"text-editor.default\">\n\t\t\t\t<div class=\"elementor-widget-container\">\n\t\t\t<style>\/*! elementor - v3.23.0 - 25-07-2024 *\/\n.elementor-widget-text-editor.elementor-drop-cap-view-stacked .elementor-drop-cap{background-color:#69727d;color:#fff}.elementor-widget-text-editor.elementor-drop-cap-view-framed .elementor-drop-cap{color:#69727d;border:3px solid;background-color:transparent}.elementor-widget-text-editor:not(.elementor-drop-cap-view-default) .elementor-drop-cap{margin-top:8px}.elementor-widget-text-editor:not(.elementor-drop-cap-view-default) .elementor-drop-cap-letter{width:1em;height:1em}.elementor-widget-text-editor .elementor-drop-cap{float:left;text-align:center;line-height:1;font-size:50px}.elementor-widget-text-editor .elementor-drop-cap-letter{display:inline-block}<\/style>\t\t\t\t<div class=\"page\" title=\"Page 2\"><div class=\"section\"><div class=\"layoutArea\"><div class=\"column\"><p>A\u0300 la te\u0302te d&#8217;emylink se trouve Emilie Farcet Carron, sa fondatrice.<\/p><p>Forte d&rsquo;une exp\u00e9rience de plus de 15 ans, notre entreprise se distingue tant par <strong>son innovation<\/strong> que par <strong>ses designs originaux et adapt\u00e9s \u00e0 vos besoins<\/strong>.<\/p><p>Bien que <strong>sp\u00e9cialis\u00e9e dans l&rsquo;univers du vin et des spiritueux<\/strong>, notre <strong>capacit\u00e9 \u00e0 faire du sur-mesure<\/strong> nous permet de <strong>r\u00e9pondre aux besoins d&rsquo;entreprises d&rsquo;autres secteurs d&rsquo;activit\u00e9s<\/strong>.<\/p><\/div><\/div><\/div><\/div>\t\t\t\t\t\t<\/div>\n\t\t\t\t<\/div>\n\t\t\t\t<\/div>\n\t\t\t\t<div class=\"elementor-element elementor-element-14da5193 elementor-invisible elementor-widget elementor-widget-heading\" data-id=\"14da5193\" data-element_type=\"widget\" data-settings=\"{&quot;_animation&quot;:&quot;fadeInUp&quot;,&quot;_animation_delay&quot;:750}\" data-widget_type=\"heading.default\">\n\t\t\t\t<div class=\"elementor-widget-container\">\n\t\t\t<span class=\"elementor-heading-title elementor-size-default\">Agence<\/span>\t\t<\/div>\n\t\t\t\t<\/div>\n\t\t\t\t<\/div>\n\t\t<div class=\"elementor-element elementor-element-6f9efb58 e-con-full animated-slow e-flex elementor-invisible e-con e-child\" data-id=\"6f9efb58\" data-element_type=\"container\" data-settings=\"{&quot;background_background&quot;:&quot;classic&quot;,&quot;animation&quot;:&quot;fadeIn&quot;,&quot;animation_delay&quot;:750}\">\n\t\t\t\t<\/div>\n\t\t\t\t<\/div>\n\t\t<div class=\"elementor-element elementor-element-2cb2535d e-con-full e-flex e-con e-parent\" data-id=\"2cb2535d\" data-element_type=\"container\" data-settings=\"{&quot;background_background&quot;:&quot;classic&quot;}\">\n\t\t\t\t<div class=\"elementor-element elementor-element-b7bb9f9 elementor-widget__width-inherit elementor-invisible elementor-widget elementor-widget-heading\" data-id=\"b7bb9f9\" data-element_type=\"widget\" data-settings=\"{&quot;_animation&quot;:&quot;fadeInDown&quot;}\" data-widget_type=\"heading.default\">\n\t\t\t\t<div class=\"elementor-widget-container\">\n\t\t\t<span class=\"elementor-heading-title elementor-size-default\">Nos valeurs<\/span>\t\t<\/div>\n\t\t\t\t<\/div>\n\t\t<div class=\"elementor-element elementor-element-69060af5 e-con-full e-transform animated-slow e-flex elementor-invisible e-con e-child\" data-id=\"69060af5\" data-element_type=\"container\" data-settings=\"{&quot;background_background&quot;:&quot;classic&quot;,&quot;_transform_translateY_effect&quot;:{&quot;unit&quot;:&quot;rem&quot;,&quot;size&quot;:4,&quot;sizes&quot;:[]},&quot;_transform_translateY_effect_tablet&quot;:{&quot;unit&quot;:&quot;rem&quot;,&quot;size&quot;:&quot;&quot;,&quot;sizes&quot;:[]},&quot;_transform_translateY_effect_mobile&quot;:{&quot;unit&quot;:&quot;rem&quot;,&quot;size&quot;:&quot;&quot;,&quot;sizes&quot;:[]},&quot;animation&quot;:&quot;fadeIn&quot;,&quot;animation_delay&quot;:700,&quot;_transform_translateX_effect&quot;:{&quot;unit&quot;:&quot;px&quot;,&quot;size&quot;:&quot;&quot;,&quot;sizes&quot;:[]},&quot;_transform_translateX_effect_tablet&quot;:{&quot;unit&quot;:&quot;px&quot;,&quot;size&quot;:&quot;&quot;,&quot;sizes&quot;:[]},&quot;_transform_translateX_effect_mobile&quot;:{&quot;unit&quot;:&quot;px&quot;,&quot;size&quot;:&quot;&quot;,&quot;sizes&quot;:[]}}\">\n\t\t\t\t<\/div>\n\t\t<div class=\"elementor-element elementor-element-5630a2a7 e-con-full e-flex elementor-invisible e-con e-child\" data-id=\"5630a2a7\" data-element_type=\"container\" data-settings=\"{&quot;animation&quot;:&quot;fadeIn&quot;,&quot;animation_delay&quot;:500}\">\n\t\t\t\t<div class=\"elementor-element elementor-element-368e45ab elementor-widget elementor-widget-heading\" data-id=\"368e45ab\" data-element_type=\"widget\" data-widget_type=\"heading.default\">\n\t\t\t\t<div class=\"elementor-widget-container\">\n\t\t\t<h2 class=\"elementor-heading-title elementor-size-default\">Forte orientation client<\/h2>\t\t<\/div>\n\t\t\t\t<\/div>\n\t\t\t\t<div class=\"elementor-element elementor-element-44ce72b9 elementor-widget elementor-widget-text-editor\" data-id=\"44ce72b9\" data-element_type=\"widget\" data-widget_type=\"text-editor.default\">\n\t\t\t\t<div class=\"elementor-widget-container\">\n\t\t\t\t\t\t\t<p>Il nous tient \u00e0 c\u0153ur de <strong>r\u00e9ussir au mieux \u00e0 accompagner nos clients<\/strong> dans <strong>la r\u00e9ussite de l\u2019am\u00e9nagement de leur stand<\/strong>, c&rsquo;est pourquoi au sein d&#8217;emylink, nous travaillons <strong>en collaboration \u00e9troite avec notre client<\/strong> du d\u00e9but \u00e0 la fin du projet.<\/p>\t\t\t\t\t\t<\/div>\n\t\t\t\t<\/div>\n\t\t\t\t<div class=\"elementor-element elementor-element-609c930 elementor-widget elementor-widget-heading\" data-id=\"609c930\" data-element_type=\"widget\" data-widget_type=\"heading.default\">\n\t\t\t\t<div class=\"elementor-widget-container\">\n\t\t\t<h2 class=\"elementor-heading-title elementor-size-default\">Respect de l'environnement<\/h2>\t\t<\/div>\n\t\t\t\t<\/div>\n\t\t\t\t<div class=\"elementor-element elementor-element-2759e31 elementor-widget elementor-widget-text-editor\" data-id=\"2759e31\" data-element_type=\"widget\" data-widget_type=\"text-editor.default\">\n\t\t\t\t<div class=\"elementor-widget-container\">\n\t\t\t\t\t\t\t<p>Nous sommes convaincus que <strong>la cr\u00e9ativit\u00e9 et l&rsquo;innovation peuvent aller de pair avec une d\u00e9marche \u00e9coresponsable<\/strong>. C&rsquo;est pourquoi, tout au long du projet, nous mettons en place des pratiques allant dans ce sens, comme <strong>le recyclage des stands usag\u00e9s.<\/strong><\/p>\t\t\t\t\t\t<\/div>\n\t\t\t\t<\/div>\n\t\t\t\t<\/div>\n\t\t\t\t<\/div>\n\t\t<div class=\"elementor-element elementor-element-395c9c0a e-flex e-con-boxed e-con e-parent\" data-id=\"395c9c0a\" data-element_type=\"container\">\n\t\t\t\t\t<div class=\"e-con-inner\">\n\t\t\t\t<div class=\"elementor-element elementor-element-545e630 elementor-widget-divider--view-line elementor-widget elementor-widget-divider\" data-id=\"545e630\" data-element_type=\"widget\" data-widget_type=\"divider.default\">\n\t\t\t\t<div class=\"elementor-widget-container\">\n\t\t\t<style>\/*! elementor - v3.23.0 - 25-07-2024 *\/\n.elementor-widget-divider{--divider-border-style:none;--divider-border-width:1px;--divider-color:#0c0d0e;--divider-icon-size:20px;--divider-element-spacing:10px;--divider-pattern-height:24px;--divider-pattern-size:20px;--divider-pattern-url:none;--divider-pattern-repeat:repeat-x}.elementor-widget-divider .elementor-divider{display:flex}.elementor-widget-divider .elementor-divider__text{font-size:15px;line-height:1;max-width:95%}.elementor-widget-divider .elementor-divider__element{margin:0 var(--divider-element-spacing);flex-shrink:0}.elementor-widget-divider .elementor-icon{font-size:var(--divider-icon-size)}.elementor-widget-divider .elementor-divider-separator{display:flex;margin:0;direction:ltr}.elementor-widget-divider--view-line_icon .elementor-divider-separator,.elementor-widget-divider--view-line_text .elementor-divider-separator{align-items:center}.elementor-widget-divider--view-line_icon .elementor-divider-separator:after,.elementor-widget-divider--view-line_icon .elementor-divider-separator:before,.elementor-widget-divider--view-line_text .elementor-divider-separator:after,.elementor-widget-divider--view-line_text .elementor-divider-separator:before{display:block;content:\"\";border-block-end:0;flex-grow:1;border-block-start:var(--divider-border-width) var(--divider-border-style) var(--divider-color)}.elementor-widget-divider--element-align-left .elementor-divider .elementor-divider-separator>.elementor-divider__svg:first-of-type{flex-grow:0;flex-shrink:100}.elementor-widget-divider--element-align-left .elementor-divider-separator:before{content:none}.elementor-widget-divider--element-align-left .elementor-divider__element{margin-left:0}.elementor-widget-divider--element-align-right .elementor-divider .elementor-divider-separator>.elementor-divider__svg:last-of-type{flex-grow:0;flex-shrink:100}.elementor-widget-divider--element-align-right .elementor-divider-separator:after{content:none}.elementor-widget-divider--element-align-right .elementor-divider__element{margin-right:0}.elementor-widget-divider--element-align-start .elementor-divider .elementor-divider-separator>.elementor-divider__svg:first-of-type{flex-grow:0;flex-shrink:100}.elementor-widget-divider--element-align-start .elementor-divider-separator:before{content:none}.elementor-widget-divider--element-align-start .elementor-divider__element{margin-inline-start:0}.elementor-widget-divider--element-align-end .elementor-divider .elementor-divider-separator>.elementor-divider__svg:last-of-type{flex-grow:0;flex-shrink:100}.elementor-widget-divider--element-align-end .elementor-divider-separator:after{content:none}.elementor-widget-divider--element-align-end .elementor-divider__element{margin-inline-end:0}.elementor-widget-divider:not(.elementor-widget-divider--view-line_text):not(.elementor-widget-divider--view-line_icon) .elementor-divider-separator{border-block-start:var(--divider-border-width) var(--divider-border-style) var(--divider-color)}.elementor-widget-divider--separator-type-pattern{--divider-border-style:none}.elementor-widget-divider--separator-type-pattern.elementor-widget-divider--view-line .elementor-divider-separator,.elementor-widget-divider--separator-type-pattern:not(.elementor-widget-divider--view-line) .elementor-divider-separator:after,.elementor-widget-divider--separator-type-pattern:not(.elementor-widget-divider--view-line) .elementor-divider-separator:before,.elementor-widget-divider--separator-type-pattern:not([class*=elementor-widget-divider--view]) .elementor-divider-separator{width:100%;min-height:var(--divider-pattern-height);-webkit-mask-size:var(--divider-pattern-size) 100%;mask-size:var(--divider-pattern-size) 100%;-webkit-mask-repeat:var(--divider-pattern-repeat);mask-repeat:var(--divider-pattern-repeat);background-color:var(--divider-color);-webkit-mask-image:var(--divider-pattern-url);mask-image:var(--divider-pattern-url)}.elementor-widget-divider--no-spacing{--divider-pattern-size:auto}.elementor-widget-divider--bg-round{--divider-pattern-repeat:round}.rtl .elementor-widget-divider .elementor-divider__text{direction:rtl}.e-con-inner>.elementor-widget-divider,.e-con>.elementor-widget-divider{width:var(--container-widget-width,100%);--flex-grow:var(--container-widget-flex-grow)}<\/style>\t\t<div class=\"elementor-divider\">\n\t\t\t<span class=\"elementor-divider-separator\">\n\t\t\t\t\t\t<\/span>\n\t\t<\/div>\n\t\t\t\t<\/div>\n\t\t\t\t<\/div>\n\t\t\t\t<div class=\"elementor-element elementor-element-47b9c137 elementor-invisible elementor-widget elementor-widget-heading\" data-id=\"47b9c137\" data-element_type=\"widget\" data-settings=\"{&quot;_animation&quot;:&quot;fadeIn&quot;}\" data-widget_type=\"heading.default\">\n\t\t\t\t<div class=\"elementor-widget-container\">\n\t\t\t<h2 class=\"elementor-heading-title elementor-size-default\">Emylink, votre partenaire pour des stands de vins et spiritueux exceptionnels<\/h2>\t\t<\/div>\n\t\t\t\t<\/div>\n\t\t\t\t<div class=\"elementor-element elementor-element-5ec1d93d elementor-invisible elementor-widget elementor-widget-text-editor\" data-id=\"5ec1d93d\" data-element_type=\"widget\" data-settings=\"{&quot;_animation&quot;:&quot;fadeIn&quot;,&quot;_animation_delay&quot;:350}\" data-widget_type=\"text-editor.default\">\n\t\t\t\t<div class=\"elementor-widget-container\">\n\t\t\t\t\t\t\t<p>Nous sommes d\u00e9termin\u00e9s \u00e0 <strong>cr\u00e9er des exp\u00e9riences spatiales et sensorielles m\u00e9morables<\/strong>. Nous <strong>concevons des stands qui mettent en valeur vos produits<\/strong>, en combinant <strong>design, mat\u00e9riaux et \u00e9clairage pour cr\u00e9er une ambiance unique<\/strong>.<\/p><p>Notre expertise permet d&rsquo;<strong>adapter votre univers graphique pour cr\u00e9er une image forte<\/strong> aupr\u00e8s de vos clients et <strong>coh\u00e9rente<\/strong> pour vos vins et spiritueux.<\/p>\t\t\t\t\t\t<\/div>\n\t\t\t\t<\/div>\n\t\t\t\t<div class=\"elementor-element elementor-element-d4417ac elementor-align-center elementor-invisible elementor-widget elementor-widget-button\" data-id=\"d4417ac\" data-element_type=\"widget\" data-settings=\"{&quot;_animation&quot;:&quot;fadeIn&quot;,&quot;_animation_delay&quot;:850}\" data-widget_type=\"button.default\">\n\t\t\t\t<div class=\"elementor-widget-container\">\n\t\t\t\t\t<div class=\"elementor-button-wrapper\">\n\t\t\t<a class=\"elementor-button elementor-button-link elementor-size-sm elementor-animation-sink\" href=\"#\">\n\t\t\t\t\t\t<span class=\"elementor-button-content-wrapper\">\n\t\t\t\t\t\t\t\t\t<span class=\"elementor-button-text\">Obtenir une estimation<\/span>\n\t\t\t\t\t<\/span>\n\t\t\t\t\t<\/a>\n\t\t<\/div>\n\t\t\t\t<\/div>\n\t\t\t\t<\/div>\n\t\t\t\t\t<\/div>\n\t\t\t\t<\/div>\n\t\t<div class=\"elementor-element elementor-element-6977939f e-con-full e-flex e-con e-parent\" data-id=\"6977939f\" data-element_type=\"container\" data-settings=\"{&quot;background_background&quot;:&quot;classic&quot;}\">\n\t\t<div class=\"elementor-element elementor-element-396fb5b1 e-con-full e-flex e-con e-child\" data-id=\"396fb5b1\" data-element_type=\"container\">\n\t\t\t\t<div class=\"elementor-element elementor-element-7d046dd4 elementor-position-left elementor-vertical-align-middle animated-fast elementor-invisible elementor-widget elementor-widget-image-box\" data-id=\"7d046dd4\" data-element_type=\"widget\" data-settings=\"{&quot;_animation&quot;:&quot;fadeInUp&quot;}\" data-widget_type=\"image-box.default\">\n\t\t\t\t<div class=\"elementor-widget-container\">\n\t\t\t<style>\/*! elementor - v3.23.0 - 25-07-2024 *\/\n.elementor-widget-image-box .elementor-image-box-content{width:100%}@media (min-width:768px){.elementor-widget-image-box.elementor-position-left .elementor-image-box-wrapper,.elementor-widget-image-box.elementor-position-right .elementor-image-box-wrapper{display:flex}.elementor-widget-image-box.elementor-position-right .elementor-image-box-wrapper{text-align:end;flex-direction:row-reverse}.elementor-widget-image-box.elementor-position-left .elementor-image-box-wrapper{text-align:start;flex-direction:row}.elementor-widget-image-box.elementor-position-top .elementor-image-box-img{margin:auto}.elementor-widget-image-box.elementor-vertical-align-top .elementor-image-box-wrapper{align-items:flex-start}.elementor-widget-image-box.elementor-vertical-align-middle .elementor-image-box-wrapper{align-items:center}.elementor-widget-image-box.elementor-vertical-align-bottom .elementor-image-box-wrapper{align-items:flex-end}}@media (max-width:767px){.elementor-widget-image-box .elementor-image-box-img{margin-left:auto!important;margin-right:auto!important;margin-bottom:15px}}.elementor-widget-image-box .elementor-image-box-img{display:inline-block}.elementor-widget-image-box .elementor-image-box-title a{color:inherit}.elementor-widget-image-box .elementor-image-box-wrapper{text-align:center}.elementor-widget-image-box .elementor-image-box-description{margin:0}<\/style><div class=\"elementor-image-box-wrapper\"><figure class=\"elementor-image-box-img\"><img fetchpriority=\"high\" decoding=\"async\" width=\"1900\" height=\"686\" src=\"https:\/\/emylink.fr\/wp-content\/uploads\/2024\/12\/LOGO-Touraine-Vins-de-Loire.jpg\" class=\"attachment-full size-full wp-image-662\" alt=\"\" srcset=\"https:\/\/emylink.fr\/wp-content\/uploads\/2024\/12\/LOGO-Touraine-Vins-de-Loire.jpg 1900w, https:\/\/emylink.fr\/wp-content\/uploads\/2024\/12\/LOGO-Touraine-Vins-de-Loire-300x108.jpg 300w, https:\/\/emylink.fr\/wp-content\/uploads\/2024\/12\/LOGO-Touraine-Vins-de-Loire-1024x370.jpg 1024w, https:\/\/emylink.fr\/wp-content\/uploads\/2024\/12\/LOGO-Touraine-Vins-de-Loire-768x277.jpg 768w, https:\/\/emylink.fr\/wp-content\/uploads\/2024\/12\/LOGO-Touraine-Vins-de-Loire-1536x555.jpg 1536w, https:\/\/emylink.fr\/wp-content\/uploads\/2024\/12\/LOGO-Touraine-Vins-de-Loire-18x6.jpg 18w\" sizes=\"(max-width: 1900px) 100vw, 1900px\" \/><\/figure><div class=\"elementor-image-box-content\"><p class=\"elementor-image-box-title\"><i style=\"white-space: normal;\">\u00ab&nbsp;Nous avons eu le plaisir de travailler avec Emylink pour la conception et la r\u00e9alisation du stand de l\u2019AOC Touraine \u00e0 Wine Paris 2024. C\u2019est une standiste professionnelle et r\u00e9active. Le stand final a parfaitement r\u00e9pondu \u00e0 nos attentes, refl\u00e9tant avec \u00e9l\u00e9gance l'image de l'appellation. Gr\u00e2ce \u00e0 l\u2019expertise et au sens du d\u00e9tail d\u2019Emylink, notre stand a suscit\u00e9 un grand int\u00e9r\u00eat aupr\u00e8s des visiteurs. \u00bb<\/i><\/p><p class=\"elementor-image-box-description\">Corinne COLLAIN <br>\nResponsable communication<\/p><\/div><\/div>\t\t<\/div>\n\t\t\t\t<\/div>\n\t\t\t\t<div class=\"elementor-element elementor-element-333ec15c elementor-position-left elementor-vertical-align-middle animated-fast elementor-invisible elementor-widget elementor-widget-image-box\" data-id=\"333ec15c\" data-element_type=\"widget\" data-settings=\"{&quot;_animation&quot;:&quot;fadeInUp&quot;,&quot;_animation_delay&quot;:200}\" data-widget_type=\"image-box.default\">\n\t\t\t\t<div class=\"elementor-widget-container\">\n\t\t\t<div class=\"elementor-image-box-wrapper\"><figure class=\"elementor-image-box-img\"><img decoding=\"async\" width=\"1081\" height=\"1080\" src=\"https:\/\/emylink.fr\/wp-content\/uploads\/2025\/03\/WhatsApp-Image-2024-09-30-a-18.46.19_0227600c.jpg\" class=\"attachment-full size-full wp-image-667\" alt=\"\" srcset=\"https:\/\/emylink.fr\/wp-content\/uploads\/2025\/03\/WhatsApp-Image-2024-09-30-a-18.46.19_0227600c.jpg 1081w, https:\/\/emylink.fr\/wp-content\/uploads\/2025\/03\/WhatsApp-Image-2024-09-30-a-18.46.19_0227600c-300x300.jpg 300w, https:\/\/emylink.fr\/wp-content\/uploads\/2025\/03\/WhatsApp-Image-2024-09-30-a-18.46.19_0227600c-1024x1024.jpg 1024w, https:\/\/emylink.fr\/wp-content\/uploads\/2025\/03\/WhatsApp-Image-2024-09-30-a-18.46.19_0227600c-150x150.jpg 150w, https:\/\/emylink.fr\/wp-content\/uploads\/2025\/03\/WhatsApp-Image-2024-09-30-a-18.46.19_0227600c-768x767.jpg 768w, https:\/\/emylink.fr\/wp-content\/uploads\/2025\/03\/WhatsApp-Image-2024-09-30-a-18.46.19_0227600c-12x12.jpg 12w\" sizes=\"(max-width: 1081px) 100vw, 1081px\" \/><\/figure><div class=\"elementor-image-box-content\"><p class=\"elementor-image-box-title\"><i style=\"white-space: normal;\">\u00ab&nbsp;Emylink est un partenaire pr\u00e9cieux pour nous depuis plusieurs ann\u00e9es. Gr\u00e2ce \u00e0 un engagement, une disponibilit\u00e9 et un professionnalisme sans faille, nous abordons toujours nos \u00e9v\u00e9nements cl\u00e9s en toute s\u00e9r\u00e9nit\u00e9. Une collaboration de confiance qui fait toute la diff\u00e9rence ! \u00bb<\/i><\/p><p class=\"elementor-image-box-description\">Emilie CECHET <br>\nBrand Manager Edmond de Rothschild Heritage<\/p><\/div><\/div>\t\t<\/div>\n\t\t\t\t<\/div>\n\t\t\t\t<\/div>\n\t\t\t\t<div class=\"elementor-element elementor-element-112cc313 elementor-invisible elementor-widget elementor-widget-heading\" data-id=\"112cc313\" data-element_type=\"widget\" data-settings=\"{&quot;_animation&quot;:&quot;fadeInUp&quot;,&quot;_animation_delay&quot;:250}\" data-widget_type=\"heading.default\">\n\t\t\t\t<div class=\"elementor-widget-container\">\n\t\t\t<span class=\"elementor-heading-title elementor-size-default\">T\u00e9moignages<\/span>\t\t<\/div>\n\t\t\t\t<\/div>\n\t\t\t\t<\/div>\n\t\t\t\t<\/div>","protected":false},"excerpt":{"rendered":"<p>Nous sommes une agence sp\u00e9cialis\u00e9e dans l&rsquo;accompagnement et dans la cr\u00e9ation de stand sur-mesure A\u0300 la te\u0302te d&#8217;emylink se trouve Emilie Farcet Carron, sa fondatrice. Forte d&rsquo;une exp\u00e9rience de plus de 15 ans, notre entreprise se distingue tant par son innovation que par ses designs originaux et adapt\u00e9s \u00e0 vos besoins. Bien que sp\u00e9cialis\u00e9e dans [&hellip;]<\/p>","protected":false},"author":1,"featured_media":56,"parent":0,"menu_order":0,"comment_status":"closed","ping_status":"closed","template":"elementor_header_footer","meta":{"footnotes":""},"class_list":["post-45","page","type-page","status-publish","has-post-thumbnail","hentry"],"_links":{"self":[{"href":"https:\/\/emylink.fr\/en\/wp-json\/wp\/v2\/pages\/45","targetHints":{"allow":["GET"]}}],"collection":[{"href":"https:\/\/emylink.fr\/en\/wp-json\/wp\/v2\/pages"}],"about":[{"href":"https:\/\/emylink.fr\/en\/wp-json\/wp\/v2\/types\/page"}],"author":[{"embeddable":true,"href":"https:\/\/emylink.fr\/en\/wp-json\/wp\/v2\/users\/1"}],"replies":[{"embeddable":true,"href":"https:\/\/emylink.fr\/en\/wp-json\/wp\/v2\/comments?post=45"}],"version-history":[{"count":27,"href":"https:\/\/emylink.fr\/en\/wp-json\/wp\/v2\/pages\/45\/revisions"}],"predecessor-version":[{"id":683,"href":"https:\/\/emylink.fr\/en\/wp-json\/wp\/v2\/pages\/45\/revisions\/683"}],"wp:featuredmedia":[{"embeddable":true,"href":"https:\/\/emylink.fr\/en\/wp-json\/wp\/v2\/media\/56"}],"wp:attachment":[{"href":"https:\/\/emylink.fr\/en\/wp-json\/wp\/v2\/media?parent=45"}],"curies":[{"name":"wp","href":"https:\/\/api.w.org\/{rel}","templated":true}]}}