{"id":36,"date":"2024-07-22T08:12:26","date_gmt":"2024-07-22T08:12:26","guid":{"rendered":"https:\/\/emylink.fr\/workshops\/"},"modified":"2024-07-30T07:41:21","modified_gmt":"2024-07-30T07:41:21","slug":"portfolio","status":"publish","type":"page","link":"https:\/\/emylink.fr\/en\/portfolio\/","title":{"rendered":"Portfolio"},"content":{"rendered":"<div data-elementor-type=\"wp-page\" data-elementor-id=\"36\" class=\"elementor elementor-36\">\n\t\t\t\t<div class=\"elementor-element elementor-element-62bb3a3d e-con-full e-flex e-con e-parent\" data-id=\"62bb3a3d\" data-element_type=\"container\">\n\t\t<div class=\"elementor-element elementor-element-619d4380 e-con-full e-flex e-con e-child\" data-id=\"619d4380\" data-element_type=\"container\">\n\t\t<div class=\"elementor-element elementor-element-46bcac61 e-con-full e-flex e-con e-child\" data-id=\"46bcac61\" data-element_type=\"container\">\n\t\t\t\t<div class=\"elementor-element elementor-element-7d9f75be elementor-widget elementor-widget-heading\" data-id=\"7d9f75be\" data-element_type=\"widget\" data-widget_type=\"heading.default\">\n\t\t\t\t<div class=\"elementor-widget-container\">\n\t\t\t<style>\/*! elementor - v3.23.0 - 25-07-2024 *\/\n.elementor-heading-title{padding:0;margin:0;line-height:1}.elementor-widget-heading .elementor-heading-title[class*=elementor-size-]>a{color:inherit;font-size:inherit;line-height:inherit}.elementor-widget-heading .elementor-heading-title.elementor-size-small{font-size:15px}.elementor-widget-heading .elementor-heading-title.elementor-size-medium{font-size:19px}.elementor-widget-heading .elementor-heading-title.elementor-size-large{font-size:29px}.elementor-widget-heading .elementor-heading-title.elementor-size-xl{font-size:39px}.elementor-widget-heading .elementor-heading-title.elementor-size-xxl{font-size:59px}<\/style><h1 class=\"elementor-heading-title elementor-size-default\">Stand d\u2019exposition sur-mesure, modulable et autres agencements spatiaux, d\u00e9couvrez notre travail !<\/h1>\t\t<\/div>\n\t\t\t\t<\/div>\n\t\t\t\t<div class=\"elementor-element elementor-element-5f7be21c elementor-widget__width-initial elementor-invisible elementor-widget elementor-widget-text-editor\" data-id=\"5f7be21c\" data-element_type=\"widget\" data-settings=\"{&quot;_animation&quot;:&quot;fadeInDown&quot;}\" data-widget_type=\"text-editor.default\">\n\t\t\t\t<div class=\"elementor-widget-container\">\n\t\t\t<style>\/*! elementor - v3.23.0 - 25-07-2024 *\/\n.elementor-widget-text-editor.elementor-drop-cap-view-stacked .elementor-drop-cap{background-color:#69727d;color:#fff}.elementor-widget-text-editor.elementor-drop-cap-view-framed .elementor-drop-cap{color:#69727d;border:3px solid;background-color:transparent}.elementor-widget-text-editor:not(.elementor-drop-cap-view-default) .elementor-drop-cap{margin-top:8px}.elementor-widget-text-editor:not(.elementor-drop-cap-view-default) .elementor-drop-cap-letter{width:1em;height:1em}.elementor-widget-text-editor .elementor-drop-cap{float:left;text-align:center;line-height:1;font-size:50px}.elementor-widget-text-editor .elementor-drop-cap-letter{display:inline-block}<\/style>\t\t\t\t<p>Emylink, c&rsquo;est l&rsquo;art de <strong>concevoir des exp\u00e9riences d&rsquo;expositions uniques et exceptionnelles<\/strong>. Nous nous appuyons sur <strong>notre cr\u00e9ativit\u00e9 et notre expertise technique pour offrir des solutions adapt\u00e9es et personnalis\u00e9es<\/strong>, qu&rsquo;il s&rsquo;agisse d&rsquo;<strong>un stand traditionnel, modulable ou hybride<\/strong>.<\/p>\t\t\t\t\t\t<\/div>\n\t\t\t\t<\/div>\n\t\t\t\t<\/div>\n\t\t\t\t<div class=\"elementor-element elementor-element-1d87446a elementor-invisible elementor-widget elementor-widget-heading\" data-id=\"1d87446a\" data-element_type=\"widget\" data-settings=\"{&quot;_animation&quot;:&quot;fadeInUp&quot;}\" data-widget_type=\"heading.default\">\n\t\t\t\t<div class=\"elementor-widget-container\">\n\t\t\t<span class=\"elementor-heading-title elementor-size-default\">Portfolio<\/span>\t\t<\/div>\n\t\t\t\t<\/div>\n\t\t\t\t<\/div>\n\t\t<div class=\"elementor-element elementor-element-30e36ee7 e-con-full e-flex e-con e-child\" data-id=\"30e36ee7\" data-element_type=\"container\" data-settings=\"{&quot;background_background&quot;:&quot;classic&quot;}\">\n\t\t\t\t<\/div>\n\t\t\t\t<\/div>\n\t\t<div class=\"elementor-element elementor-element-73005f1 e-flex e-con-boxed e-con e-parent\" data-id=\"73005f1\" data-element_type=\"container\">\n\t\t\t\t\t<div class=\"e-con-inner\">\n\t\t\t\t<div class=\"elementor-element elementor-element-770a313 elementor-widget elementor-widget-shortcode\" data-id=\"770a313\" data-element_type=\"widget\" data-widget_type=\"shortcode.default\">\n\t\t\t\t<div class=\"elementor-widget-container\">\n\t\t\t\t\t<div class=\"elementor-shortcode\">\t<!-- CSS Part Start From Here-->\n\t<style>\n\t\t\n\t\t.portfolio-wraper {\n\t\t\t\t\t\tmargin-bottom:20px;\n\t\t}\n\t\t.pfg-bootstrap .img-fluid {\n\t\t  max-width: 100%;\n\t\t  height: auto;\n\t\t}\n\n\t\t.pfg-bootstrap .img-thumbnail {\n\t\t  padding: 0.25rem;\n\t\t  background-color: #fff;\n\t\t  border: 1px solid #dee2e6;\n\t\t  border-radius: 0.25rem;\n\t\t  max-width: 100%;\n\t\t  height: auto;\n\t\t}\n\t\t.pfg-bootstrap .img-circle {\n\t\t  border-radius: 50%;\n\t\t}\n\t\t.pfg-bootstrap img {\n\t\t -moz-transition: all .2s ease-in-out;\n\t\t  -webkit-transition: all .2s ease-in-out;\n\t\t  -ms-transition: all .2s ease-in-out;\n\t\t  -o-transition: all .2s ease-in-out;\n\t\t  transition: all .2s ease-in-out;\n\t\t}\n\t\t.pfg-bootstrap .thumbnail {\n\t\t  display: block;\n\t\t  padding: 4px;\n\t\t  \/*margin-bottom: 20px;*\/\n\t\t  line-height: 1.42857143;\n\t\t  background-color: #fff;\n\t\t  border: 1px solid #ddd;\n\t\t  border-radius: 4px;\n\t\t  -webkit-transition: border .2s ease-in-out;\n\t\t\t   -o-transition: border .2s ease-in-out;\n\t\t\t\t  transition: border .2s ease-in-out;\n\t\t}\n\t\t.pfg-bootstrap .thumbnail > img,\n\t\t.pfg-bootstrap .thumbnail a > img {\n\t\t  margin-right: auto;\n\t\t  margin-left: auto;\n\t\t}\n\t\t.pfg-bootstrap a.thumbnail:hover,\n\t\t.pfg-bootstrap a.thumbnail:focus,\n\t\t.pfg-bootstrap a.thumbnail.active {\n\t\t  border-color: #337ab7;\n\t\t}\n\t\t.pfg-bootstrap .thumbnail .caption {\n\t\t  padding: 9px;\n\t\t  color: #333;\n\t\t}\n\n\t\tfigure {\n\t\t  margin: 0;\n\t\t}\n\t\timg {\n\t\t  vertical-align: middle;\n\t\t}\n\t\t.pfg-bootstrap .img-responsive,\n\t\t.pfg-bootstrap .thumbnail > img,\n\t\t.pfg-bootstrap .thumbnail a > img,\n\t\t.pfg-bootstrap .carousel-inner > .item > img,\n\t\t.pfg-bootstrap .carousel-inner > .item > a > img {\n\t\t  display: block;\n\t\t  max-width: 100%;\n\t\t  height: auto;\n\t\t}\n\t\t.pfg-bootstrap .img-rounded {\n\t\t  border-radius: 6px;\n\t\t}\n\t\t\n\t\t\t\t\tspan.item_desc_347{\n\t\t\t\tdisplay:none !important;\n\t\t\t}\n\t\t\t\tli#all {\n\t\t\tmargin: 0;\n\t\t}\n\t\t\n\t\t.simplefilter li {\n\t\t\tmargin-top: 5px;\n\t\t}\n\t\t\n\t\t.filtr-search {\n\t\t\tmargin-top:10px !important;\n\t\t\twidth:200px !important;\n\t\t\tmargin-bottom: 20px;\n\t\t}\n\t\t#all-simplefilter {\n\t\t\tdisplay:inline;\n\t\t\tpadding-left: 0px !important;\n\t\t}\n\t\t#f-simplefilter-347 {\n\t\t\tdisplay:inline;\n\t\t\tpadding-left: 0px !important;\n\t\t}\n\t\tbutton:hover {\n\t\t\tbackground-color: unset !important;\n\t\t}\n\t\t\n\t\t\t\t\n\t\t@keyframes .YouTubePopUp-Content  {\n\t\t\tfrom {\n\t\t\t\ttransform: translate3d(0, 100%, 0);\n\t\t\t\tvisibility: visible;\n\t\t\t}\n\n\t\t\tto {\n\t\t\t\ttransform: translate3d(0, 0, 0);\n\t\t\t}\n\t\t}\n\n\t\t.YouTubePopUp-Content  {\n\t\t\tanimation-name: .YouTubePopUp-Content ;\n\t\t}\n\n\t\t.YouTubePopUp-Close { \n\t\t\tbackground:url(https:\/\/emylink.fr\/wp-content\/plugins\/portfolio-filter-gallery\/\/img\/close-icon-white.png) no-repeat;\n\t\t\tbackground-size:50px 50px;\n\t\t\t-webkit-background-size:70px 50px;\n\t\t\t-moz-background-size:70px 50px;\n\t\t\t-o-background-size:70px 50px;\n\t\t}\n\t\tul.simplefilter {\n\t\t\tmargin-left: 0 !important;\n\t\t}\n\t\t.pfg_img_347 {\n\t\t\twidth: 100% !important;\n\t\t\theight: 100% !important;\n\t\t}\n\t\t.filter_gallery_347 > a {\n\t\t\tposition: initial !important;\n\t\t}\n\t\t.thumbnail_347 {\n\t\t\twidth:100% !important;\n\t\t\theight:auto;\n\t\t\tmargin-bottom: 0px !important;\n\t\t\t\n\t\t}\n\t\t.filtr-item {\n\t\t\tpadding-right:7px !important;\n\t\t\tpadding-left:7px !important;\n\t\t\tpadding-top:7px !important;\n\t\t\tpadding-bottom:7px !important;\n\t\t}\n\t\t.filtr-item img {\n\t\t\ttransition: all .2s !important\n\t\t}\n\t\t\t\t\t\t.simplefilter_347 li {\n\t\t\tbackground-color: #ccc;\n\t\t\tcolor: #ffffff;\n\t\t}\n\t\t\n\t\t.simplefilter_347 li:hover {\n\t\t\tbackground-color: #cb8538 !important;\n\t\t}\n\t\t\n\t\t.simplefilter_347 li.active {\n\t\t\tbackground-color: #cb8538 !important;\n\t\t}\n\t\t\n\t\t.filter_gallery_347 {\r\nmargin-top: 2rem !important;\r\n}\r\n.filtr-controls-347 {\r\nbackground-color: #e5b47e !important;\r\n}\t<\/style>\n\t\t<div class=\"portfolio-wraper pfg-bootstrap\" version=\"1.6.6\">\n\t\t\t\t\t<div class=\"col-lg-12 col-md-12 col-xs-12 text-center\">\n\t\t\t\t<ul id=\"all-simplefilter\" class=\"filtr-control-347 simplefilter simplefilter_347\">\n\t\t\t\t\t<li id=\"all\" class=\"active filtr-controls-347\" data-filter=\"all\">Tous<\/li>\n\t\t\t\t<\/ul>\n\t\t\t\t<ul id=\"f-simplefilter-347\" class=\"filtr-control-347 simplefilter simplefilter_347\">\n\t\t\t\t\t\t\t\t\t\t\t\t\t<li data-filter=\"1\"\n\t\t\t\t\t\t\t\t\tclass=\"filtr-controls-347\">Stands sur-mesures<\/li>\n\t\t\t\t\t\t\t\t\t\t\t\t\t\t\t\t<li data-filter=\"2\"\n\t\t\t\t\t\t\t\t\tclass=\"filtr-controls-347\">Stands modulables<\/li>\n\t\t\t\t\t\t\t\t\t\t\t\t<\/ul>\n\n\t\t\t<\/div>\n\t\t\t\t<!-- Shuffle & Sort Controls -->\n\t\t\t\t\n\t\t<div class=\"row loading-wrapper text-center\">\n\t\t\t<img decoding=\"async\" src=\"https:\/\/emylink.fr\/wp-content\/plugins\/portfolio-filter-gallery\/\/img\/loading-icon.gif\" width=\"60\">\n\t\t<\/div>\n\t\t<div class=\"filter_gallery_347 row filtr-container filters-div\" style=\"opacity:0; display:none;\">\n\t\t\t\t\t\t\t\t<a href=\"https:\/\/emylink.fr\/wp-content\/uploads\/2024\/07\/emylink-stand-edmond-de-rothschild.jpg\" class=\"pfg-lightbox-all pfg-lightbox-1\" data-lightbox=\"pfg-lightbox\"  data-title=\"emylink-stand-edmond-de-rothschild\" data-alt=\"emylink-stand-edmond-de-rothschild\" title=\"emylink-stand-edmond-de-rothschild\">\n\t\t\t\t\t\t<div data-category=\"1\" data-sort=\"emylink-stand-edmond-de-rothschild\" class=\"animateonload filtr-item filtr_item_347 single_one col-lg-3 col-md-4 col-sm-6 col-12\">\n\t\t\t\t\t\t\t\t\t\t\t\t\t\t\t<img decoding=\"async\" class=\"thumbnail_347 pfg-img pfg_img_347 img-responsive hvr-grow-shadow\" src=\"https:\/\/emylink.fr\/wp-content\/uploads\/2024\/07\/emylink-stand-edmond-de-rothschild.jpg\" alt=\"\">\n\t\t\t\t\t\t\t\t\t\t\t\t\t\t\t\t\t<span class=\"item-desc item_desc_347\">emylink-stand-edmond-de-rothschild<\/span>\n\t\t\t\t\t\t\t\t\t\t\t\t\t\t<\/div>\n\t\t\t\t\t<\/a>\n\t\t\t\t\t\t\t\t\t\t<a href=\"https:\/\/emylink.fr\/wp-content\/uploads\/2024\/07\/emylink-stand-unique.jpg\" class=\"pfg-lightbox-all pfg-lightbox-1\" data-lightbox=\"pfg-lightbox\"  data-title=\"emylink-stand-unique\" data-alt=\"emylink-stand-unique\" title=\"emylink-stand-unique\">\n\t\t\t\t\t\t<div data-category=\"1\" data-sort=\"emylink-stand-unique\" class=\"animateonload filtr-item filtr_item_347 single_one col-lg-3 col-md-4 col-sm-6 col-12\">\n\t\t\t\t\t\t\t\t\t\t\t\t\t\t\t<img decoding=\"async\" class=\"thumbnail_347 pfg-img pfg_img_347 img-responsive hvr-grow-shadow\" src=\"https:\/\/emylink.fr\/wp-content\/uploads\/2024\/07\/emylink-stand-unique.jpg\" alt=\"\">\n\t\t\t\t\t\t\t\t\t\t\t\t\t\t\t\t\t<span class=\"item-desc item_desc_347\">emylink-stand-unique<\/span>\n\t\t\t\t\t\t\t\t\t\t\t\t\t\t<\/div>\n\t\t\t\t\t<\/a>\n\t\t\t\t\t\t\t\t\t\t<a href=\"https:\/\/emylink.fr\/wp-content\/uploads\/2024\/07\/emylink-stand-sichel.jpg\" class=\"pfg-lightbox-all pfg-lightbox-1\" data-lightbox=\"pfg-lightbox\"  data-title=\"emylink-stand-sichel\" data-alt=\"emylink-stand-sichel\" title=\"emylink-stand-sichel\">\n\t\t\t\t\t\t<div data-category=\"1\" data-sort=\"emylink-stand-sichel\" class=\"animateonload filtr-item filtr_item_347 single_one col-lg-3 col-md-4 col-sm-6 col-12\">\n\t\t\t\t\t\t\t\t\t\t\t\t\t\t\t<img decoding=\"async\" class=\"thumbnail_347 pfg-img pfg_img_347 img-responsive hvr-grow-shadow\" src=\"https:\/\/emylink.fr\/wp-content\/uploads\/2024\/07\/emylink-stand-sichel.jpg\" alt=\"\">\n\t\t\t\t\t\t\t\t\t\t\t\t\t\t\t\t\t<span class=\"item-desc item_desc_347\">emylink-stand-sichel<\/span>\n\t\t\t\t\t\t\t\t\t\t\t\t\t\t<\/div>\n\t\t\t\t\t<\/a>\n\t\t\t\t\t\t\t\t\t\t<a href=\"https:\/\/emylink.fr\/wp-content\/uploads\/2024\/07\/emylink-stand-gaz-de-bordeaux.jpg\" class=\"pfg-lightbox-all pfg-lightbox-1\" data-lightbox=\"pfg-lightbox\"  data-title=\"emylink-stand-gaz-de-bordeaux\" data-alt=\"emylink-stand-gaz-de-bordeaux\" title=\"emylink-stand-gaz-de-bordeaux\">\n\t\t\t\t\t\t<div data-category=\"1\" data-sort=\"emylink-stand-gaz-de-bordeaux\" class=\"animateonload filtr-item filtr_item_347 single_one col-lg-3 col-md-4 col-sm-6 col-12\">\n\t\t\t\t\t\t\t\t\t\t\t\t\t\t\t<img decoding=\"async\" class=\"thumbnail_347 pfg-img pfg_img_347 img-responsive hvr-grow-shadow\" src=\"https:\/\/emylink.fr\/wp-content\/uploads\/2024\/07\/emylink-stand-gaz-de-bordeaux.jpg\" alt=\"\">\n\t\t\t\t\t\t\t\t\t\t\t\t\t\t\t\t\t<span class=\"item-desc item_desc_347\">emylink-stand-gaz-de-bordeaux<\/span>\n\t\t\t\t\t\t\t\t\t\t\t\t\t\t<\/div>\n\t\t\t\t\t<\/a>\n\t\t\t\t\t\t\t\t\t\t<a href=\"https:\/\/emylink.fr\/wp-content\/uploads\/2024\/07\/emylink-stand-arlett.jpg\" class=\"pfg-lightbox-all pfg-lightbox-1\" data-lightbox=\"pfg-lightbox\"  data-title=\"emylink-stand-arlett\" data-alt=\"emylink-stand-arlett\" title=\"emylink-stand-arlett\">\n\t\t\t\t\t\t<div data-category=\"1\" data-sort=\"emylink-stand-arlett\" class=\"animateonload filtr-item filtr_item_347 single_one col-lg-3 col-md-4 col-sm-6 col-12\">\n\t\t\t\t\t\t\t\t\t\t\t\t\t\t\t<img decoding=\"async\" class=\"thumbnail_347 pfg-img pfg_img_347 img-responsive hvr-grow-shadow\" src=\"https:\/\/emylink.fr\/wp-content\/uploads\/2024\/07\/emylink-stand-arlett.jpg\" alt=\"\">\n\t\t\t\t\t\t\t\t\t\t\t\t\t\t\t\t\t<span class=\"item-desc item_desc_347\">emylink-stand-arlett<\/span>\n\t\t\t\t\t\t\t\t\t\t\t\t\t\t<\/div>\n\t\t\t\t\t<\/a>\n\t\t\t\t\t\t\t\t\t\t<a href=\"https:\/\/emylink.fr\/wp-content\/uploads\/2024\/12\/V526959.jpg\" class=\"pfg-lightbox-all pfg-lightbox-2\" data-lightbox=\"pfg-lightbox\"  data-title=\"emylink-stand-\" data-alt=\"emylink-stand-\" title=\"emylink-stand-\">\n\t\t\t\t\t\t<div data-category=\"2\" data-sort=\"emylink-stand-\" class=\"animateonload filtr-item filtr_item_347 single_one col-lg-3 col-md-4 col-sm-6 col-12\">\n\t\t\t\t\t\t\t\t\t\t\t\t\t\t\t<img decoding=\"async\" class=\"thumbnail_347 pfg-img pfg_img_347 img-responsive hvr-grow-shadow\" src=\"https:\/\/emylink.fr\/wp-content\/uploads\/2024\/12\/V526959.jpg\" alt=\"\">\n\t\t\t\t\t\t\t\t\t\t\t\t\t\t\t\t\t<span class=\"item-desc item_desc_347\">emylink-stand-<\/span>\n\t\t\t\t\t\t\t\t\t\t\t\t\t\t<\/div>\n\t\t\t\t\t<\/a>\n\t\t\t\t\t\t\t\t\t\t<a href=\"https:\/\/emylink.fr\/wp-content\/uploads\/2024\/12\/Prowein-Polignac-2023-1.jpg\" class=\"pfg-lightbox-all pfg-lightbox-2\" data-lightbox=\"pfg-lightbox\"  data-title=\"emylink-stand-Prowein-Polignac-2023-1\" data-alt=\"emylink-stand-Prowein-Polignac-2023-1\" title=\"emylink-stand-Prowein-Polignac-2023-1\">\n\t\t\t\t\t\t<div data-category=\"2\" data-sort=\"emylink-stand-Prowein-Polignac-2023-1\" class=\"animateonload filtr-item filtr_item_347 single_one col-lg-3 col-md-4 col-sm-6 col-12\">\n\t\t\t\t\t\t\t\t\t\t\t\t\t\t\t<img decoding=\"async\" class=\"thumbnail_347 pfg-img pfg_img_347 img-responsive hvr-grow-shadow\" src=\"https:\/\/emylink.fr\/wp-content\/uploads\/2024\/12\/Prowein-Polignac-2023-1.jpg\" alt=\"\">\n\t\t\t\t\t\t\t\t\t\t\t\t\t\t\t\t\t<span class=\"item-desc item_desc_347\">emylink-stand-Prowein-Polignac-2023-1<\/span>\n\t\t\t\t\t\t\t\t\t\t\t\t\t\t<\/div>\n\t\t\t\t\t<\/a>\n\t\t\t\t\t\t\t\t\t\t<a href=\"https:\/\/emylink.fr\/wp-content\/uploads\/2024\/12\/Prowein-Angles-2023-1.jpg\" class=\"pfg-lightbox-all pfg-lightbox-1\" data-lightbox=\"pfg-lightbox\"  data-title=\"emylink-stand-Prowein-Angles-2023-1\" data-alt=\"emylink-stand-Prowein-Angles-2023-1\" title=\"emylink-stand-Prowein-Angles-2023-1\">\n\t\t\t\t\t\t<div data-category=\"1\" data-sort=\"emylink-stand-Prowein-Angles-2023-1\" class=\"animateonload filtr-item filtr_item_347 single_one col-lg-3 col-md-4 col-sm-6 col-12\">\n\t\t\t\t\t\t\t\t\t\t\t\t\t\t\t<img decoding=\"async\" class=\"thumbnail_347 pfg-img pfg_img_347 img-responsive hvr-grow-shadow\" src=\"https:\/\/emylink.fr\/wp-content\/uploads\/2024\/12\/Prowein-Angles-2023-1.jpg\" alt=\"\">\n\t\t\t\t\t\t\t\t\t\t\t\t\t\t\t\t\t<span class=\"item-desc item_desc_347\">emylink-stand-Prowein-Angles-2023-1<\/span>\n\t\t\t\t\t\t\t\t\t\t\t\t\t\t<\/div>\n\t\t\t\t\t<\/a>\n\t\t\t\t\t\t\t\t\t\t<a href=\"https:\/\/emylink.fr\/wp-content\/uploads\/2024\/12\/DSC_5796.jpg\" class=\"pfg-lightbox-all pfg-lightbox-1\" data-lightbox=\"pfg-lightbox\"  data-title=\"emylink-stand-DSC_5796\" data-alt=\"emylink-stand-DSC_5796\" title=\"emylink-stand-DSC_5796\">\n\t\t\t\t\t\t<div data-category=\"1\" data-sort=\"emylink-stand-DSC_5796\" class=\"animateonload filtr-item filtr_item_347 single_one col-lg-3 col-md-4 col-sm-6 col-12\">\n\t\t\t\t\t\t\t\t\t\t\t\t\t\t\t<img decoding=\"async\" class=\"thumbnail_347 pfg-img pfg_img_347 img-responsive hvr-grow-shadow\" src=\"https:\/\/emylink.fr\/wp-content\/uploads\/2024\/12\/DSC_5796.jpg\" alt=\"\">\n\t\t\t\t\t\t\t\t\t\t\t\t\t\t\t\t\t<span class=\"item-desc item_desc_347\">emylink-stand-DSC_5796<\/span>\n\t\t\t\t\t\t\t\t\t\t\t\t\t\t<\/div>\n\t\t\t\t\t<\/a>\n\t\t\t\t\t\t\t\t\t\t<a href=\"https:\/\/emylink.fr\/wp-content\/uploads\/2024\/12\/DSC_5831.jpg\" class=\"pfg-lightbox-all pfg-lightbox-1\" data-lightbox=\"pfg-lightbox\"  data-title=\"emylink-stand-DSC_5831\" data-alt=\"emylink-stand-DSC_5831\" title=\"emylink-stand-DSC_5831\">\n\t\t\t\t\t\t<div data-category=\"1\" data-sort=\"emylink-stand-DSC_5831\" class=\"animateonload filtr-item filtr_item_347 single_one col-lg-3 col-md-4 col-sm-6 col-12\">\n\t\t\t\t\t\t\t\t\t\t\t\t\t\t\t<img decoding=\"async\" class=\"thumbnail_347 pfg-img pfg_img_347 img-responsive hvr-grow-shadow\" src=\"https:\/\/emylink.fr\/wp-content\/uploads\/2024\/12\/DSC_5831.jpg\" alt=\"\">\n\t\t\t\t\t\t\t\t\t\t\t\t\t\t\t\t\t<span class=\"item-desc item_desc_347\">emylink-stand-DSC_5831<\/span>\n\t\t\t\t\t\t\t\t\t\t\t\t\t\t<\/div>\n\t\t\t\t\t<\/a>\n\t\t\t\t\t\t\t<\/div>\n\t<\/div>\n<script>\n\nsetTimeout(function () {\n\tjQuery(\".thumbnail_347\").each(function(){\n\t\t\/\/ console.log(jQuery(this).width() + \"x\" + jQuery(this).height())\n\t\tvar h = jQuery(this).height();\n\t\tvar w = jQuery(this).width();\n\t\tjQuery(this).height(h);\n\t\tjQuery(this).width(w);\n\t\tjQuery(this).resize();\n\t});\n}, 2500);\n\njQuery(document).ready(function (jQuery) {\n\tjQuery('.filtr-item').addClass('animateonload');\n\tjQuery('#filter_gallery_347').show();\n\tjQuery('.loading-wrapper').hide();\n\tjQuery(\".loader_img\").hide();\n\tjQuery(\".lg_load_more\").show();\n\tjQuery(\".filtr-container\").css(\"opacity\", 1);\n\t\/\/Filterizd Default options\n\toptions = {\n\t\tanimationDuration: 0.5,\n\t\tcallbacks: {\n\t\t\tonFilteringStart: function() { },\n\t\t\tonFilteringEnd: function() { },\n\t\t\tonShufflingStart: function() { },\n\t\t\tonShufflingEnd: function() { },\n\t\t\tonSortingStart: function() { },\n\t\t\tonSortingEnd: function() { }\n\t\t},\n\t\tcontrolsSelector: '.filtr-controls-347',\n\t\tfilter: 'all',\n\t\t filterOutCss: {\n\t\t  top:'0px',\n\t\t\tleft:'0px',\n\t\t\topacity: 0.001,\n\t\t\ttransform: ''\n\t\t  },\n\t\t  filterInCss: {\n\t\t\t  top:'0px',\n\t\t\tleft:'0px',\n\t\t\topacity: 1,\n\t\t\ttransform: ''\n\t\t  },\n\t\tlayout: 'sameWidth',\n\t\tselector: '.filtr-item',\n\t\tsetupControls: false\n\t}\n\tvar filterizd = jQuery('.filter_gallery_347').filterizr(options);\n\t\/\/filterizd.filterizr('sort', 'domIndex', 'desc');\n\tjQuery('.filter_gallery_347').imagesLoaded( function() {\n\t\t\/\/ images have already loaded, instantiate Filterizr\n\t\tjQuery('.filter_gallery_347').filterizr(options);\n\t}); \n\t\t\n\t\t\/\/bootstrap-lightbox-js\n\t\t\/\/ delegate calls to data-toggle=\"lightbox\"\n\t\tdocument.addEventListener('DOMContentLoaded', (event) => {\n            document.querySelectorAll('.my-lightbox-toggle').forEach((el) => {\n                el.addEventListener('click', (e) => {\n                    e.preventDefault();\n\n                    const options = {\n                        keyboard: true,\n                        size: 'fullscreen'\n                    };\n\n                    \/\/ Assuming Lightbox is a constructor from the included library\n                    \/\/ Check if the Lightbox class or function exists\n                    if (typeof Lightbox !== 'undefined') {\n                        const lightbox = new Lightbox(el, options);\n                        lightbox.show();\n                    } else {\n                        console.error('Lightbox library is not loaded.');\n                    }\n                });\n            });\n        });\n\t\t\t\tjQuery('.filtr-control-347 [data-filter]').click(function() {\n\t\t\t\/\/jQuery('.swiper-347').swipebox('swipebox-destroy');\n\t\t\tvar targetFilter = jQuery(this).data('filter');\n\t\t\tvar lighbox_class_name = \"pfg-lightbox-\" + targetFilter;\n\t\t\tjQuery('.pfg-lightbox-' + targetFilter ).attr('data-lightbox', lighbox_class_name); \/\/ add data filter for parent filters\n\t\t});\n\t\t\n\t\t\t\n\n\t\/\/ video player\n\tjQuery(function(){\n      jQuery(\"a.video-box-347\").YouTubePopUp( { autoplay: 0 } ); \/\/ Disable autoplay\n\t});\n\t\n});   \n<\/script><\/div>\n\t\t\t\t<\/div>\n\t\t\t\t<\/div>\n\t\t\t\t\t<\/div>\n\t\t\t\t<\/div>\n\t\t\t\t<\/div>","protected":false},"excerpt":{"rendered":"<p>Stand d\u2019exposition sur-mesure, modulable et autres agencements spatiaux, d\u00e9couvrez notre travail ! Emylink, c&rsquo;est l&rsquo;art de concevoir des exp\u00e9riences d&rsquo;expositions uniques et exceptionnelles. Nous nous appuyons sur notre cr\u00e9ativit\u00e9 et notre expertise technique pour offrir des solutions adapt\u00e9es et personnalis\u00e9es, qu&rsquo;il s&rsquo;agisse d&rsquo;un stand traditionnel, modulable ou hybride. Portfolio<\/p>","protected":false},"author":1,"featured_media":44,"parent":0,"menu_order":0,"comment_status":"closed","ping_status":"closed","template":"elementor_header_footer","meta":{"footnotes":""},"class_list":["post-36","page","type-page","status-publish","has-post-thumbnail","hentry"],"_links":{"self":[{"href":"https:\/\/emylink.fr\/en\/wp-json\/wp\/v2\/pages\/36","targetHints":{"allow":["GET"]}}],"collection":[{"href":"https:\/\/emylink.fr\/en\/wp-json\/wp\/v2\/pages"}],"about":[{"href":"https:\/\/emylink.fr\/en\/wp-json\/wp\/v2\/types\/page"}],"author":[{"embeddable":true,"href":"https:\/\/emylink.fr\/en\/wp-json\/wp\/v2\/users\/1"}],"replies":[{"embeddable":true,"href":"https:\/\/emylink.fr\/en\/wp-json\/wp\/v2\/comments?post=36"}],"version-history":[{"count":3,"href":"https:\/\/emylink.fr\/en\/wp-json\/wp\/v2\/pages\/36\/revisions"}],"predecessor-version":[{"id":566,"href":"https:\/\/emylink.fr\/en\/wp-json\/wp\/v2\/pages\/36\/revisions\/566"}],"wp:featuredmedia":[{"embeddable":true,"href":"https:\/\/emylink.fr\/en\/wp-json\/wp\/v2\/media\/44"}],"wp:attachment":[{"href":"https:\/\/emylink.fr\/en\/wp-json\/wp\/v2\/media?parent=36"}],"curies":[{"name":"wp","href":"https:\/\/api.w.org\/{rel}","templated":true}]}}